{"id":2,"date":"2022-04-28T13:39:08","date_gmt":"2022-04-28T11:39:08","guid":{"rendered":"https:\/\/extraplatsen.se\/hnlunch\/?page_id=2"},"modified":"2026-05-04T08:46:59","modified_gmt":"2026-05-04T06:46:59","slug":"exempelsida","status":"publish","type":"page","link":"https:\/\/extraplatsen.se\/hnlunch\/","title":{"rendered":"Exempelsida"},"content":{"rendered":"<p>[et_pb_section fb_built=&#8221;1&#8243; fullwidth=&#8221;on&#8221; _builder_version=&#8221;4.16&#8243; _module_preset=&#8221;default&#8221; width=&#8221;100%&#8221; custom_padding=&#8221;0px|1px||||&#8221; global_colors_info=&#8221;{}&#8221;][et_pb_fullwidth_header background_overlay_color=&#8221;rgba(0,0,0,0)&#8221; header_image_url=&#8221;http:\/\/extraplatsen.se\/hnlunch\/wp-content\/uploads\/sites\/56\/2022\/05\/splash-hnlunch.png&#8221; module_id=&#8221;lunch-header&#8221; _builder_version=&#8221;4.16&#8243; _module_preset=&#8221;default&#8221; title_font=&#8221;GP-Regular-Italic|900|||||||&#8221; title_text_align=&#8221;left&#8221; title_font_size=&#8221;139px&#8221; content_font=&#8221;Alata||||||||&#8221; content_text_align=&#8221;left&#8221; content_font_size=&#8221;40px&#8221; content_line_height=&#8221;1em&#8221; subhead_font_size=&#8221;40px&#8221; background_image=&#8221;http:\/\/extraplatsen.se\/hnlunch\/wp-content\/uploads\/sites\/56\/2025\/10\/lunchguiden-desktop-mega.png&#8221; vertical_offset=&#8221;0px&#8221; vertical_offset_tablet=&#8221;&#8221; vertical_offset_phone=&#8221;0px&#8221; vertical_offset_last_edited=&#8221;on|phone&#8221; horizontal_offset_tablet=&#8221;&#8221; horizontal_offset_phone=&#8221;1px&#8221; horizontal_offset_last_edited=&#8221;on|phone&#8221; width=&#8221;100%&#8221; module_alignment=&#8221;left&#8221; min_height=&#8221;607.6px&#8221; min_height_tablet=&#8221;&#8221; min_height_phone=&#8221;509px&#8221; min_height_last_edited=&#8221;on|desktop&#8221; custom_margin=&#8221;|-58px|0px||false|false&#8221; custom_padding=&#8221;68px|0px|19px|1px||&#8221; title_font_size_tablet=&#8221;52px&#8221; title_font_size_phone=&#8221;50px&#8221; title_font_size_last_edited=&#8221;on|phone&#8221; content_font_size_tablet=&#8221;36px&#8221; content_font_size_phone=&#8221;30px&#8221; content_font_size_last_edited=&#8221;on|desktop&#8221; content_line_height_tablet=&#8221;1.5em&#8221; content_line_height_phone=&#8221;1em&#8221; content_line_height_last_edited=&#8221;on|phone&#8221; background_last_edited=&#8221;on|desktop&#8221; background_image_phone=&#8221;http:\/\/extraplatsen.se\/hnlunch\/wp-content\/uploads\/sites\/56\/2022\/05\/hnlunch-header-3-mobile.jpg&#8221; background_enable_image_phone=&#8221;on&#8221; parallax_tablet=&#8221;off&#8221; parallax_phone=&#8221;off&#8221; global_colors_info=&#8221;{}&#8221; title_text_phone=&#8221;hnlunch-header-3-mobile&#8221;]<\/p>\n<h1 style=\"text-align: justify;\"><\/h1>\n<p>&nbsp;<\/p>\n<h2 class=\"underrubrik\" style=\"text-align: left;\"><\/h2>\n<p>&nbsp;<\/p>\n<p>[\/et_pb_fullwidth_header][\/et_pb_section][et_pb_section fb_built=&#8221;1&#8243; _builder_version=&#8221;4.16&#8243; _module_preset=&#8221;default&#8221; custom_padding=&#8221;5px||3px|||&#8221; global_colors_info=&#8221;{}&#8221;][et_pb_row _builder_version=&#8221;4.16&#8243; _module_preset=&#8221;default&#8221; width=&#8221;81%&#8221; custom_margin=&#8221;|329px||auto||&#8221; global_colors_info=&#8221;{}&#8221;][et_pb_column type=&#8221;4_4&#8243; _builder_version=&#8221;4.16&#8243; _module_preset=&#8221;default&#8221; global_colors_info=&#8221;{}&#8221;][et_pb_text _builder_version=&#8221;4.16&#8243; _module_preset=&#8221;default&#8221; custom_padding=&#8221;|||38px||&#8221; global_colors_info=&#8221;{}&#8221;]<\/p>\n<h2>Lunchmenyer i Varberg<\/p>\n<\/h2>\n<p>[\/et_pb_text][\/et_pb_column][\/et_pb_row][\/et_pb_section][et_pb_section fb_built=&#8221;1&#8243; _builder_version=&#8221;4.16&#8243; _module_preset=&#8221;default&#8221; min_height=&#8221;2020.4px&#8221; custom_padding=&#8221;13px|||||&#8221; global_colors_info=&#8221;{}&#8221;][et_pb_row column_structure=&#8221;1_6,1_6,1_6,1_6,1_6,1_6&#8243; use_custom_gutter=&#8221;on&#8221; gutter_width=&#8221;1&#8243; _builder_version=&#8221;4.16&#8243; _module_preset=&#8221;default&#8221; width=&#8221;100%&#8221; width_tablet=&#8221;&#8221; width_phone=&#8221;100%&#8221; width_last_edited=&#8221;on|tablet&#8221; max_width=&#8221;1673px&#8221; module_alignment=&#8221;center&#8221; custom_margin_tablet=&#8221;&#8221; custom_margin_phone=&#8221;|auto||auto|false|false&#8221; custom_margin_last_edited=&#8221;on|phone&#8221; custom_padding=&#8221;|10px||10px|false|false&#8221; global_colors_info=&#8221;{}&#8221;][et_pb_column type=&#8221;1_6&#8243; _builder_version=&#8221;4.16&#8243; _module_preset=&#8221;default&#8221; global_colors_info=&#8221;{}&#8221;][et_pb_image src=&#8221;http:\/\/extraplatsen.se\/hnlunch\/wp-content\/uploads\/sites\/56\/2026\/05\/Skarmavbild-2026-05-04-kl.-08.46.52.png&#8221; title_text=&#8221;Ska\u0308rmavbild 2026-05-04 kl. 08.46.52&#8243; align=&#8221;center&#8221; _builder_version=&#8221;4.27.4&#8243; _module_preset=&#8221;default&#8221; hover_enabled=&#8221;0&#8243; global_colors_info=&#8221;{}&#8221; sticky_enabled=&#8221;0&#8243;][\/et_pb_image][\/et_pb_column][et_pb_column type=&#8221;1_6&#8243; _builder_version=&#8221;4.16&#8243; _module_preset=&#8221;default&#8221; global_colors_info=&#8221;{}&#8221;][et_pb_image src=&#8221;http:\/\/extraplatsen.se\/hnlunch\/wp-content\/uploads\/sites\/56\/2026\/05\/Skarmavbild-2026-05-04-kl.-08.46.23.png&#8221; title_text=&#8221;Ska\u0308rmavbild 2026-05-04 kl. 08.46.23&#8243; url=&#8221;https:\/\/www.hotellgastis.se\/dagenslunch\/&#8221; url_new_window=&#8221;on&#8221; align=&#8221;center&#8221; _builder_version=&#8221;4.27.4&#8243; _module_preset=&#8221;default&#8221; custom_margin=&#8221;||8px|||&#8221; custom_padding=&#8221;||0px|||&#8221; hover_enabled=&#8221;0&#8243; global_colors_info=&#8221;{}&#8221; sticky_enabled=&#8221;0&#8243;][\/et_pb_image][\/et_pb_column][et_pb_column type=&#8221;1_6&#8243; _builder_version=&#8221;4.16&#8243; _module_preset=&#8221;default&#8221; global_colors_info=&#8221;{}&#8221;][et_pb_image src=&#8221;http:\/\/extraplatsen.se\/hnlunch\/wp-content\/uploads\/sites\/56\/2026\/05\/Skarmavbild-2026-05-04-kl.-08.45.53.png&#8221; title_text=&#8221;Ska\u0308rmavbild 2026-05-04 kl. 08.45.53&#8243; align=&#8221;center&#8221; _builder_version=&#8221;4.27.4&#8243; _module_preset=&#8221;default&#8221; hover_enabled=&#8221;0&#8243; global_colors_info=&#8221;{}&#8221; sticky_enabled=&#8221;0&#8243;][\/et_pb_image][\/et_pb_column][et_pb_column type=&#8221;1_6&#8243; _builder_version=&#8221;4.16&#8243; _module_preset=&#8221;default&#8221; global_colors_info=&#8221;{}&#8221;][et_pb_image src=&#8221;http:\/\/extraplatsen.se\/hnlunch\/wp-content\/uploads\/sites\/56\/2026\/05\/Skarmavbild-2026-05-04-kl.-08.48.24.png&#8221; title_text=&#8221;Ska\u0308rmavbild 2026-05-04 kl. 08.48.24&#8243; _builder_version=&#8221;4.27.4&#8243; _module_preset=&#8221;default&#8221; hover_enabled=&#8221;0&#8243; global_colors_info=&#8221;{}&#8221; sticky_enabled=&#8221;0&#8243;][\/et_pb_image][\/et_pb_column][et_pb_column type=&#8221;1_6&#8243; _builder_version=&#8221;4.16&#8243; _module_preset=&#8221;default&#8221; global_colors_info=&#8221;{}&#8221;][et_pb_image src=&#8221;http:\/\/extraplatsen.se\/hnlunch\/wp-content\/uploads\/sites\/56\/2026\/05\/Skarmavbild-2026-05-04-kl.-08.47.46.png&#8221; title_text=&#8221;Ska\u0308rmavbild 2026-05-04 kl. 08.47.46&#8243; _builder_version=&#8221;4.27.4&#8243; _module_preset=&#8221;default&#8221; hover_enabled=&#8221;0&#8243; global_colors_info=&#8221;{}&#8221; sticky_enabled=&#8221;0&#8243;][\/et_pb_image][\/et_pb_column][et_pb_column type=&#8221;1_6&#8243; _builder_version=&#8221;4.16&#8243; _module_preset=&#8221;default&#8221; global_colors_info=&#8221;{}&#8221;][\/et_pb_column][\/et_pb_row][et_pb_row column_structure=&#8221;1_6,1_6,1_6,1_6,1_6,1_6&#8243; use_custom_gutter=&#8221;on&#8221; gutter_width=&#8221;1&#8243; _builder_version=&#8221;4.16&#8243; _module_preset=&#8221;default&#8221; width=&#8221;100%&#8221; width_tablet=&#8221;&#8221; width_phone=&#8221;100%&#8221; width_last_edited=&#8221;on|tablet&#8221; max_width=&#8221;1673px&#8221; module_alignment=&#8221;center&#8221; custom_margin_tablet=&#8221;&#8221; custom_margin_phone=&#8221;|auto||auto|false|false&#8221; custom_margin_last_edited=&#8221;on|phone&#8221; custom_padding=&#8221;|10px||10px|false|false&#8221; global_colors_info=&#8221;{}&#8221;][et_pb_column type=&#8221;1_6&#8243; _builder_version=&#8221;4.16&#8243; _module_preset=&#8221;default&#8221; global_colors_info=&#8221;{}&#8221;][\/et_pb_column][et_pb_column type=&#8221;1_6&#8243; _builder_version=&#8221;4.16&#8243; _module_preset=&#8221;default&#8221; global_colors_info=&#8221;{}&#8221;][\/et_pb_column][et_pb_column type=&#8221;1_6&#8243; _builder_version=&#8221;4.16&#8243; _module_preset=&#8221;default&#8221; global_colors_info=&#8221;{}&#8221;][\/et_pb_column][et_pb_column type=&#8221;1_6&#8243; _builder_version=&#8221;4.16&#8243; _module_preset=&#8221;default&#8221; global_colors_info=&#8221;{}&#8221;][\/et_pb_column][et_pb_column type=&#8221;1_6&#8243; _builder_version=&#8221;4.16&#8243; _module_preset=&#8221;default&#8221; global_colors_info=&#8221;{}&#8221;][\/et_pb_column][et_pb_column type=&#8221;1_6&#8243; _builder_version=&#8221;4.16&#8243; _module_preset=&#8221;default&#8221; global_colors_info=&#8221;{}&#8221;][\/et_pb_column][\/et_pb_row][et_pb_row _builder_version=&#8221;4.16&#8243; _module_preset=&#8221;default&#8221; global_colors_info=&#8221;{}&#8221;][et_pb_column type=&#8221;4_4&#8243; _builder_version=&#8221;4.16&#8243; _module_preset=&#8221;default&#8221; global_colors_info=&#8221;{}&#8221;][et_pb_text _builder_version=&#8221;4.16&#8243; _module_preset=&#8221;default&#8221; global_colors_info=&#8221;{}&#8221;]<\/p>\n<h2>H\u00e4r har vi samlat restauranger som erbjuder lunch i Varberg<\/h2>\n<p>Varje vecka \u00e4r en ny m\u00f6jlighet att utforska Varbergs smakv\u00e4rld genom sina m\u00e5nga restauranger som erbjuder h\u00e4rliga lunchalternativ. Oavsett om du \u00e4r en inbiten mat\u00e4lskare eller bara letar efter en smakfull m\u00e5ltid mitt p\u00e5 dagen, har Varberg n\u00e5got f\u00f6r dig. Vi har samlat n\u00e5gra av de lunchst\u00e4llena i staden, d\u00e4r du kan njuta av en m\u00e5ngfald av smaker och alternativ.<\/p>\n<p>[\/et_pb_text][\/et_pb_column][\/et_pb_row][\/et_pb_section][et_pb_section fb_built=&#8221;1&#8243; _builder_version=&#8221;4.16&#8243; _module_preset=&#8221;default&#8221; global_colors_info=&#8221;{}&#8221;][et_pb_row _builder_version=&#8221;4.16&#8243; _module_preset=&#8221;default&#8221; global_colors_info=&#8221;{}&#8221;][et_pb_column type=&#8221;4_4&#8243; _builder_version=&#8221;4.16&#8243; _module_preset=&#8221;default&#8221; global_colors_info=&#8221;{}&#8221;][\/et_pb_column][\/et_pb_row][\/et_pb_section][et_pb_section fb_built=&#8221;1&#8243; _builder_version=&#8221;4.16&#8243; _module_preset=&#8221;default&#8221; global_colors_info=&#8221;{}&#8221;][\/et_pb_section][et_pb_section fb_built=&#8221;1&#8243; _builder_version=&#8221;4.27.4&#8243; _module_preset=&#8221;default&#8221; global_colors_info=&#8221;{}&#8221;][\/et_pb_section][et_pb_section fb_built=&#8221;1&#8243; _builder_version=&#8221;4.27.4&#8243; _module_preset=&#8221;default&#8221; global_colors_info=&#8221;{}&#8221;][et_pb_row _builder_version=&#8221;4.27.4&#8243; _module_preset=&#8221;default&#8221; global_colors_info=&#8221;{}&#8221;][et_pb_column type=&#8221;4_4&#8243; _builder_version=&#8221;4.27.4&#8243; _module_preset=&#8221;default&#8221; global_colors_info=&#8221;{}&#8221;][\/et_pb_column][\/et_pb_row][\/et_pb_section]<\/p>\n","protected":false},"excerpt":{"rendered":"<p>&nbsp; &nbsp;Lunchmenyer i Varberg H\u00e4r har vi samlat restauranger som erbjuder lunch i Varberg Varje vecka \u00e4r en ny m\u00f6jlighet att utforska Varbergs smakv\u00e4rld genom sina m\u00e5nga restauranger som erbjuder h\u00e4rliga lunchalternativ. Oavsett om du \u00e4r en inbiten mat\u00e4lskare eller bara letar efter en smakfull m\u00e5ltid mitt p\u00e5 dagen, har Varberg n\u00e5got f\u00f6r dig. Vi [&hellip;]<\/p>\n","protected":false},"author":1,"featured_media":0,"parent":0,"menu_order":0,"comment_status":"closed","ping_status":"open","template":"","meta":{"_acf_changed":false,"_et_pb_use_builder":"on","_et_pb_old_content":"<!-- wp:paragraph -->\n<p>Detta \u00e4r en exempelsida. Den skiljer sig fr\u00e5n ett blogginl\u00e4gg genom att den finns kvar p\u00e5 samma plats och kommer att visas i din webbplatsnavigering (i de flesta teman). De flesta b\u00f6rjar med en Om-sida som presenterar dem f\u00f6r potentiella bes\u00f6kare. Den skulle t.ex kunna ha f\u00f6ljande inneh\u00e5ll:<\/p>\n<!-- \/wp:paragraph -->\n\n<!-- wp:quote -->\n<blockquote class=\"wp-block-quote\"><p>Hej d\u00e4r! Jag \u00e4r cykelbud p\u00e5 dagen, blivande sk\u00e5despelare p\u00e5 natten och detta \u00e4r min blogg. Jag bor i \u00d6rebro, har en katt som heter Lurv och jag gillar Pina Coladas. (och att simma i G\u00f6ta kanal).<\/p><\/blockquote>\n<!-- \/wp:quote -->\n\n<!-- wp:paragraph -->\n<p>... eller n\u00e5got liknande detta:<\/p>\n<!-- \/wp:paragraph -->\n\n<!-- wp:quote -->\n<blockquote class=\"wp-block-quote\"><p>F\u00f6retaget AB grundades 1971 och har sedan dess varit den st\u00f6rsta leverant\u00f6ren av grunk-manicker p\u00e5 den svenska marknaden. FAB finns i utkanten av Gr\u00f6nk\u00f6ping, har drygt 20&nbsp;000 anst\u00e4llda och l\u00e4ser veckobladet varje \u00e5r.<\/p><\/blockquote>\n<!-- \/wp:quote -->\n\n<!-- wp:paragraph -->\n<p>Som ny WordPress-anv\u00e4ndare b\u00f6r du g\u00e5 till din <a href=\"https:\/\/extraplatsen.se\/hnlunch\/wp-admin\/\">adminpanel<\/a> f\u00f6r att radera denna sida och skapa nya sidor f\u00f6r ditt inneh\u00e5ll. Lycka till!<\/p>\n<!-- \/wp:paragraph -->","_et_gb_content_width":"","inline_featured_image":false,"footnotes":""},"class_list":["post-2","page","type-page","status-publish","hentry"],"acf":[],"rttpg_featured_image_url":null,"rttpg_author":{"display_name":"stampenmedia","author_link":"https:\/\/extraplatsen.se\/hnlunch\/author\/stampenmedia\/"},"rttpg_comment":0,"rttpg_category":null,"rttpg_excerpt":"&nbsp; &nbsp;Lunchmenyer i Varberg H\u00e4r har vi samlat restauranger som erbjuder lunch i Varberg Varje vecka \u00e4r en ny m\u00f6jlighet att utforska Varbergs smakv\u00e4rld genom sina m\u00e5nga restauranger som erbjuder h\u00e4rliga lunchalternativ. Oavsett om du \u00e4r en inbiten mat\u00e4lskare eller bara letar efter en smakfull m\u00e5ltid mitt p\u00e5 dagen, har Varberg n\u00e5got f\u00f6r dig. Vi&hellip;","_links":{"self":[{"href":"https:\/\/extraplatsen.se\/hnlunch\/wp-json\/wp\/v2\/pages\/2","targetHints":{"allow":["GET"]}}],"collection":[{"href":"https:\/\/extraplatsen.se\/hnlunch\/wp-json\/wp\/v2\/pages"}],"about":[{"href":"https:\/\/extraplatsen.se\/hnlunch\/wp-json\/wp\/v2\/types\/page"}],"author":[{"embeddable":true,"href":"https:\/\/extraplatsen.se\/hnlunch\/wp-json\/wp\/v2\/users\/1"}],"replies":[{"embeddable":true,"href":"https:\/\/extraplatsen.se\/hnlunch\/wp-json\/wp\/v2\/comments?post=2"}],"version-history":[{"count":367,"href":"https:\/\/extraplatsen.se\/hnlunch\/wp-json\/wp\/v2\/pages\/2\/revisions"}],"predecessor-version":[{"id":1760,"href":"https:\/\/extraplatsen.se\/hnlunch\/wp-json\/wp\/v2\/pages\/2\/revisions\/1760"}],"wp:attachment":[{"href":"https:\/\/extraplatsen.se\/hnlunch\/wp-json\/wp\/v2\/media?parent=2"}],"curies":[{"name":"wp","href":"https:\/\/api.w.org\/{rel}","templated":true}]}}